{"id":7,"date":"2020-09-19T23:59:41","date_gmt":"2020-09-19T23:59:41","guid":{"rendered":"https:\/\/milanodesignbr.com.br\/home\/home\/"},"modified":"2025-09-04T12:14:16","modified_gmt":"2025-09-04T12:14:16","slug":"home","status":"publish","type":"page","link":"https:\/\/milanodesignbr.com.br\/","title":{"rendered":"Home"},"content":{"rendered":"\n\n\n<p><img decoding=\"async\" src=\"https:\/\/milanodesignbr.com.br\/wp-content\/uploads\/2020\/09\/logo.png\" width=\"60%\" \/><\/p>\n\n\n\n\n\n<p>Bem Vindo a<br><br>Milano Design<br><br>Architettura<\/P>\n\n\n\n\n\n\n\n\n\n\n\n\n\n\n\n\n\n\n\n\r\n<p class=\"MsoNormal\" style=\"text-align: justify;\">A Equipe Milano Design gerencia cada projeto com aten\u00e7\u00e3o e paix\u00e3o, para oferecer um servi\u00e7o personalizado, criativo e de excel\u00eancia. Uma sinergia de tradi\u00e7\u00e3o e inova\u00e7\u00e3o que abrange novas constru\u00e7\u00f5es e reformas. Disponibiliza um time de profissionais capacitados desde o desenvolvimento do projeto \u00e0 conclus\u00e3o da obra.<\/p>\r\n<p>&nbsp;<\/p>\r\n<p class=\"MsoNormal\">Atrav\u00e9s de Marcos, voc\u00ea poder\u00e1 usufruir n\u00e3o somente de um servi\u00e7o de projetos e design sob medida dos seus sonhos, mas tamb\u00e9m de constante acompanhamento.<\/p>\r\n<p>&nbsp;<\/p>\r\n<p class=\"MsoNormal\">A Milano est\u00e1 sempre \u00e0 sua disposi\u00e7\u00e3o intervindo em qualquer est\u00e1gio do projeto, oferecendo um servi\u00e7o completo e fiel ao cronograma estabelecido.<\/p>\r\n<p>&nbsp;<\/p>\r\n<p class=\"MsoNormal\"><em>O design n\u00e3o \u00e9 somente apar\u00eancia, o design \u00e9 concretiza\u00e7\u00e3o!\u00a0<\/em><\/p>\r\n\n\r\n<p style=\"font-size: 14px;\">\u00a0<\/p>\r\n<p style=\"font-size: 14px;\">\u00a0<\/p>\r\n<p style=\"font-size: 14px;\">\u00a0<\/p>\r\n<p style=\"font-size: 14px;\">\u00a0<\/p>\r\n<p style=\"font-size: 14px;\">\u00a0<\/p>\r\n<p style=\"font-size: 14px;\">\u00a0<\/p>\r\n<p style=\"font-size: 14px;\">\u00a0<\/p>\r\n<p style=\"font-size: 14px;\">\u00a0<\/p>\r\n<p style=\"font-size: 14px;\">\u00a0<\/p>\r\n<p style=\"font-size: 14px;\">\u00a0<\/p>\r\n<p style=\"font-size: 14px;\">\u00a0<\/p>\r\n<p style=\"font-size: 14px;\">\u00a0<\/p>\r\n<p style=\"font-size: 14px;\">\u00a0<\/p>\r\n<p style=\"font-size: 14px;\">\u00a0<\/p>\r\n<p style=\"font-size: 14px;\">\u00a0<\/p>\r\n\n\n\n\n\n\r\n<p>A CASA<\/p>\r\n\n\n\r\n<p class=\"MsoNormal\">\u2022 Casa alto padr\u00e3o com 396,36 m2 de \u00e1rea constru\u00edda.\u00a0<\/p>\r\n<p class=\"MsoNormal\">\u2022 Terreno com 568 m2.\u00a0<\/p>\r\n<p class=\"MsoNormal\">\u2022 4 dormit\u00f3rios sendo 2 su\u00edtes master, 2 quartos, sendo poss\u00edvel uma demisu\u00edte, escrit\u00f3rio, sendo poss\u00edvel uma depedencia.<\/p>\r\n<p class=\"MsoNormal\">\u2022 Piscina com 40 m2, tendo hidromassagem inbutida.\u00a0<\/p>\r\n<p class=\"MsoNormal\"><span style=\"background-color: transparent; font-size: 12px;\">\u2022\u00a0\u00a0<\/span>P\u00e9 direito triplo<\/p>\r\n<p class=\"MsoNormal\">\u2022 \u00c1rea externa completa com churrasqueira.\u00a0<\/p>\r\n<p class=\"MsoNormal\">\u2022 2 vagas cobertas.\u00a0<\/p>\r\n<p class=\"MsoNormal\">\u2022 Automa\u00e7\u00e3o completa.\u00a0<\/p>\r\n<p class=\"MsoNormal\">\u2022 Revestimento externo Italiano.\u00a0<\/p>\r\n<p class=\"MsoNormal\">\u2022 Tintas alem\u00e3s de alt\u00edssimo n\u00edvel.\u00a0<\/p>\r\n<p class=\"MsoNormal\">\u2022 Design \u00fanico Italiano.\u00a0<\/p>\r\n<p class=\"MsoNormal\">\u2022 P\u00e9 direito duplo.\u00a0<\/p>\r\n<p class=\"MsoNormal\">\u2022 Prepara\u00e7\u00e3o para instala\u00e7\u00e3o de placas fotovoltaicas.<\/p>\r\n<p>&nbsp;<\/p>\r\n<p class=\"MsoNormal\">Entrega da casa Final de agosto de 2022.<\/p>\r\n\n\r\n<p style=\"font-size: 14px;\">\u00a0<\/p>\r\n<p style=\"font-size: 14px;\">\u00a0<\/p>\r\n<p style=\"font-size: 14px;\">\u00a0<\/p>\r\n<p style=\"font-size: 14px;\">\u00a0<\/p>\r\n<p style=\"font-size: 14px;\">\u00a0<\/p>\r\n<p style=\"font-size: 14px;\">\u00a0<\/p>\r\n<p style=\"font-size: 14px;\">\u00a0<\/p>\r\n<p style=\"font-size: 14px;\">\u00a0<\/p>\r\n<p style=\"font-size: 14px;\">\u00a0<\/p>\r\n<p style=\"font-size: 14px;\">\u00a0<\/p>\r\n<p style=\"font-size: 14px;\">\u00a0<\/p>\r\n<p style=\"font-size: 14px;\">\u00a0<\/p>\r\n<p style=\"font-size: 14px;\">\u00a0<\/p>\r\n\n\n\n\n\n\n\n\n\n\n\n\n\n\n\n\n\n\n\n\r\n<p>GALERIA<\/p>\r\n\n\n\n\n\n\n\n\n\n\n\n\n\n\n\n\n\n\n\n\n\n\n\n\n\n\n\n\n\n\n\n\n\n\n\n<p>CONDOM\u00cdNIO<br><br> CALED\u00d4NIA<br \/><br \/>\u00a0PRIVATE <br><br>VILLAGE<\/p>\n\n\r\n<p>\u2022 Localizado em Cambori\u00fa &#8211; SC;\u00a0<\/p>\r\n<p>\u2022 O Caled\u00f4nia Private Village \u00e9 um condom\u00ednio funcional;\u00a0<\/p>\r\n<p>\u2022 Projeto arrojado e inovador;\u00a0<\/p>\r\n<p>\u2022 Conta com as mais modernas t\u00e9cnicas de engenharia e arquitetura;\u00a0<\/p>\r\n<p>\u2022 Focado na qualidade de vida e na intera\u00e7\u00e3o entre homem e natureza;\u00a0<\/p>\r\n<p>\u2022 Possui completa \u00e1rea de lazer: Piscina de 1000 m2 ao ar livre, SPA, academia, campo de futebol, cancha de bocha, parque infantil, pista de corrida, pista de skate, quadra de areia, quadra de t\u00eanis, quadra poli esportiva, cinema, orquid\u00e1rio, sal\u00e3o de festas multiuso, e sal\u00e3o de jogos<span style=\"font-size: inherit; font-style: inherit; font-variant-ligatures: inherit; font-variant-caps: inherit; font-weight: inherit;\">.<\/span><\/p>\r\n<p><span style=\"font-size: inherit; font-style: inherit; font-variant-ligatures: inherit; font-variant-caps: inherit; font-weight: inherit;\">\u00a0<\/span><\/p>\r\n<p>&nbsp;<\/p>\r\n<p>&nbsp;<\/p>\r\n<p>Matr\u00edcula 893 &#8211; Of\u00edcio de Registro de Im\u00f3veis da Comarca de Cambori\u00fa.<\/p>\r\n\n\n\n","protected":false},"excerpt":{"rendered":"","protected":false},"author":1,"featured_media":0,"parent":0,"menu_order":0,"comment_status":"closed","ping_status":"closed","template":"","meta":{"pagelayer_contact_templates":[],"_pagelayer_content":"","footnotes":""},"class_list":["post-7","page","type-page","status-publish","hentry"],"_links":{"self":[{"href":"https:\/\/milanodesignbr.com.br\/index.php?rest_route=\/wp\/v2\/pages\/7","targetHints":{"allow":["GET"]}}],"collection":[{"href":"https:\/\/milanodesignbr.com.br\/index.php?rest_route=\/wp\/v2\/pages"}],"about":[{"href":"https:\/\/milanodesignbr.com.br\/index.php?rest_route=\/wp\/v2\/types\/page"}],"author":[{"embeddable":true,"href":"https:\/\/milanodesignbr.com.br\/index.php?rest_route=\/wp\/v2\/users\/1"}],"replies":[{"embeddable":true,"href":"https:\/\/milanodesignbr.com.br\/index.php?rest_route=%2Fwp%2Fv2%2Fcomments&post=7"}],"version-history":[{"count":67,"href":"https:\/\/milanodesignbr.com.br\/index.php?rest_route=\/wp\/v2\/pages\/7\/revisions"}],"predecessor-version":[{"id":358,"href":"https:\/\/milanodesignbr.com.br\/index.php?rest_route=\/wp\/v2\/pages\/7\/revisions\/358"}],"wp:attachment":[{"href":"https:\/\/milanodesignbr.com.br\/index.php?rest_route=%2Fwp%2Fv2%2Fmedia&parent=7"}],"curies":[{"name":"wp","href":"https:\/\/api.w.org\/{rel}","templated":true}]}}